{"id":1150,"date":"2013-08-10T08:39:22","date_gmt":"2013-08-10T08:39:22","guid":{"rendered":"https:\/\/gsi.com.pl\/\/?page_id=1150"},"modified":"2020-04-06T15:42:49","modified_gmt":"2020-04-06T13:42:49","slug":"witaj","status":"publish","type":"page","link":"https:\/\/gsi.com.pl\/","title":{"rendered":"WITAJ"},"content":{"rendered":"<h1 style=\"text-align: left;\"><span style=\"color: #a7253a;\"><strong>Inspirujemy wyj\u0105tkowe i trwa\u0142e rezultaty w biznesie od 20 lat!<\/strong><\/span><\/h1>\n<p>Jeste\u015bmy lokalnym partnerem wiod\u0105cych zagranicznych firm doradczych, buduj\u0105cym kompleksowe rozwi\u0105zania w formie sesji planistycznych, warsztat\u00f3w, wdro\u017ce\u0144 informatycznych podnosz\u0105c przewag\u0119 konkurencyjn\u0105 naszych klient\u00f3w. <a href=\"https:\/\/gsi.com.pl\/gsi\/\">Wi\u0119cej o nas.<\/a><\/p>\n<h2 style=\"text-align: right;\"><span style=\"font-size: large;\"><strong>GSI Group<\/strong><\/span><\/h2>\n","protected":false},"excerpt":{"rendered":"<p>Inspirujemy wyj\u0105tkowe i trwa\u0142e rezultaty w biznesie od 20 lat! Jeste\u015bmy lokalnym partnerem wiod\u0105cych zagranicznych firm doradczych, buduj\u0105cym kompleksowe rozwi\u0105zania w formie sesji planistycznych, warsztat\u00f3w, wdro\u017ce\u0144 informatycznych podnosz\u0105c przewag\u0119 konkurencyjn\u0105 naszych klient\u00f3w. Wi\u0119cej o nas. GSI Group<\/p>\n","protected":false},"author":2,"featured_media":0,"parent":0,"menu_order":1,"comment_status":"closed","ping_status":"closed","template":"","meta":{"footnotes":""},"class_list":["post-1150","page","type-page","status-publish","hentry"],"_links":{"self":[{"href":"https:\/\/gsi.com.pl\/index.php?rest_route=\/wp\/v2\/pages\/1150","targetHints":{"allow":["GET"]}}],"collection":[{"href":"https:\/\/gsi.com.pl\/index.php?rest_route=\/wp\/v2\/pages"}],"about":[{"href":"https:\/\/gsi.com.pl\/index.php?rest_route=\/wp\/v2\/types\/page"}],"author":[{"embeddable":true,"href":"https:\/\/gsi.com.pl\/index.php?rest_route=\/wp\/v2\/users\/2"}],"replies":[{"embeddable":true,"href":"https:\/\/gsi.com.pl\/index.php?rest_route=%2Fwp%2Fv2%2Fcomments&post=1150"}],"version-history":[{"count":0,"href":"https:\/\/gsi.com.pl\/index.php?rest_route=\/wp\/v2\/pages\/1150\/revisions"}],"wp:attachment":[{"href":"https:\/\/gsi.com.pl\/index.php?rest_route=%2Fwp%2Fv2%2Fmedia&parent=1150"}],"curies":[{"name":"wp","href":"https:\/\/api.w.org\/{rel}","templated":true}]}}